{"id":128,"date":"2023-12-23T20:57:09","date_gmt":"2023-12-23T20:57:09","guid":{"rendered":"https:\/\/garnetkum.com\/global-gonderim\/"},"modified":"2025-08-13T11:14:03","modified_gmt":"2025-08-13T11:14:03","slug":"global-shipping","status":"publish","type":"page","link":"https:\/\/garnetkum.com\/en\/global-shipping\/","title":{"rendered":"Global Shipping"},"content":{"rendered":"  <div id=\"page-header-1477947239\" class=\"page-header-wrapper\">\n  <div class=\"page-title dark featured-title\">\n\n    \n    <div class=\"page-title-inner container align-center flex-row medium-flex-wrap\" >\n              <div class=\"title-wrapper flex-col text-left medium-text-center\">\n          <h1 class=\"entry-title mb-0\">\n            Global Shipping          <\/h1>\n        <\/div>\n                    <div class=\"title-content flex-col flex-right text-right medium-text-center\">\n        <div class=\"title-breadcrumbs pb-half pt-half\"><\/div>      <\/div>\n    <\/div>\n\n       <\/div>\n    <\/div>\n  \n\t<div class=\"img has-hover x md-x lg-x y md-y lg-y\" id=\"image_1263661014\">\n\t\t\t\t\t\t\t\t<div class=\"img-inner dark\" >\n\t\t\t<img loading=\"lazy\" decoding=\"async\" width=\"2077\" height=\"674\" src=\"https:\/\/garnetkum.com\/wp-content\/uploads\/2023\/12\/global-kargo-gonderimi.jpg\" class=\"attachment-original size-original\" alt=\"Global Kargo G\u00f6nderimi\" srcset=\"https:\/\/garnetkum.com\/wp-content\/uploads\/2023\/12\/global-kargo-gonderimi.jpg 2077w, https:\/\/garnetkum.com\/wp-content\/uploads\/2023\/12\/global-kargo-gonderimi-300x97.jpg 300w, https:\/\/garnetkum.com\/wp-content\/uploads\/2023\/12\/global-kargo-gonderimi-1024x332.jpg 1024w, https:\/\/garnetkum.com\/wp-content\/uploads\/2023\/12\/global-kargo-gonderimi-768x249.jpg 768w, https:\/\/garnetkum.com\/wp-content\/uploads\/2023\/12\/global-kargo-gonderimi-1536x498.jpg 1536w, https:\/\/garnetkum.com\/wp-content\/uploads\/2023\/12\/global-kargo-gonderimi-2048x665.jpg 2048w\" sizes=\"auto, (max-width: 2077px) 100vw, 2077px\" \/>\t\t\t\t\t\t\n\t\t\t\t\t<\/div>\n\t\t\t\t\t\t\t\t\n<style>\n#image_1263661014 {\n  width: 100%;\n}\n<\/style>\n\t<\/div>\n\t\n\n\t<section class=\"section\" id=\"section_1304798140\">\n\t\t<div class=\"section-bg fill\" >\n\t\t\t\t\t\t\t\t\t\n\t\t\t\n\n\t\t<\/div>\n\n\t\t\n\n\t\t<div class=\"section-content relative\">\n\t\t\t\n<div class=\"row\"  id=\"row-99899233\">\n\n\t<div id=\"col-2082426751\" class=\"col small-12 large-12\"  >\n\t\t\t\t<div class=\"col-inner\"  >\n\t\t\t\n\t\t\t\n<h2>GarnetKum.com: Reliable and Fast Shipping Worldwide<\/h2>\n<div><\/div>\n<div>Welcome! As GarnetKum.com, we offer reliable and fast shipping to our customers worldwide. You can instantly obtain the garnet sand types you need from Turkey to anywhere in the world directly from our stocks.<\/div>\n<div><\/div>\n<div><strong>Our Garnet Sand<\/strong>: Our garnet sands are produced from high quality minerals obtained from nature in accordance with industry standards. Our garnet sands, which have strong and sharp properties, have been specially selected and prepared for use in many sectors.<\/div>\n<p><strong>Fast Shipping Facilities<\/strong>: As GarnetKum.com, we prioritise customer satisfaction and strive to deliver your orders to you in the fastest way possible. With fast shipping facilities we provide from Turkey to anywhere in the world, you can start using your garnet sands without waiting.<\/p>\n<h3>Why Us?<\/h3>\n<ul>\n<li><strong>Reliable Shopping<\/strong>: As GarnetKum.com, we offer our customers a safe and hassle-free shopping experience.<\/li>\n<li><strong>Direct Delivery from Stock<\/strong>: We deliver your order quickly by sending directly from our stocks in Turkey.<\/li>\n<li><strong>World Class Quality<\/strong>: Our garnet sands are produced in accordance with industry standards and have high quality.<\/li>\n<li><strong>24\/7 Contact Support<\/strong>: If you have any questions or requests, you can contact us 24\/7 from our contact numbers.<\/li>\n<\/ul>\n<div><strong>Order Now, Enjoy! Order now<\/strong> to meet your garnet sand needs immediately. Enjoy fast shipping and reliable shopping! Do not hesitate to contact us for detailed information and special requests.<\/div>\n<div><strong>GarnetKum.com<\/strong>: We are here for you!<\/div>\n\t\t<\/div>\n\t\t\t\t\t<\/div>\n\n\t\n<\/div>\n\t\t<\/div>\n\n\t\t\n<style>\n#section_1304798140 {\n  padding-top: 30px;\n  padding-bottom: 30px;\n}\n<\/style>\n\t<\/section>\n\t\n\n\t<section class=\"section\" id=\"section_463591183\">\n\t\t<div class=\"section-bg fill\" >\n\t\t\t<img decoding=\"async\" src=\"https:\/\/garnetkum.com\/wp-content\/uploads\/2023\/12\/harita.svg\" class=\"bg attachment-original size-original\" alt=\"\" \/>\t\t\t\t\t\t\n\t\t\t\n\n\t\t<\/div>\n\n\t\t\n\n\t\t<div class=\"section-content relative\">\n\t\t\t\n<div class=\"row\"  id=\"row-2038927586\">\n<\/div>\n\t\t<\/div>\n\n\t\t\n<style>\n#section_463591183 {\n  padding-top: 300px;\n  padding-bottom: 300px;\n  background-color: rgba(0, 160, 210, 0.651);\n}\n#section_463591183 .section-bg img {\n  object-position: 50% 44%;\n}\n<\/style>\n\t<\/section>\n\t\n<div class=\"row\"  id=\"row-565707748\">\n\n\t<div id=\"col-1404447976\" class=\"col medium-6 small-12 large-6\"  >\n\t\t\t\t<div class=\"col-inner\"  >\n\t\t\t\n\t\t\t\n<p class=\"et_pb_module_header\"><em><strong>Ofice<\/strong><\/em><\/p>\n<p class=\"et_pb_module_header\"><em><strong>Ata\u015fehir Deluxia Palace<\/strong><\/em><\/p>\n<ul>\n<li class=\"et_pb_blurb_description\">Barbaros Mah Mor S\u00fcmb\u00fcl Sok. Deluxia Palace No:5 A K:14 Da: 390 Ata\u015fehir \/ \u0130stanbul<\/li>\n<\/ul>\n\t\t<\/div>\n\t\t\t\t\t<\/div>\n\n\t\n\n\t<div id=\"col-541312193\" class=\"col medium-6 small-12 large-6\"  >\n\t\t\t\t<div class=\"col-inner\"  >\n\t\t\t\n\t\t\t\n\n<div class=\"wpcf7 no-js\" id=\"wpcf7-f61-o1\" lang=\"tr-TR\" dir=\"ltr\" data-wpcf7-id=\"61\">\n<div class=\"screen-reader-response\"><p role=\"status\" aria-live=\"polite\" aria-atomic=\"true\"><\/p> <ul><\/ul><\/div>\n<form action=\"\/en\/wp-json\/wp\/v2\/pages\/128#wpcf7-f61-o1\" method=\"post\" class=\"wpcf7-form init\" aria-label=\"\u0130leti\u015fim Formu\" novalidate=\"novalidate\" data-status=\"init\">\n<fieldset class=\"hidden-fields-container\"><input type=\"hidden\" name=\"_wpcf7\" value=\"61\" \/><input type=\"hidden\" name=\"_wpcf7_version\" value=\"6.1.5\" \/><input type=\"hidden\" name=\"_wpcf7_locale\" value=\"tr_TR\" \/><input type=\"hidden\" name=\"_wpcf7_unit_tag\" value=\"wpcf7-f61-o1\" \/><input type=\"hidden\" name=\"_wpcf7_container_post\" value=\"0\" \/><input type=\"hidden\" name=\"_wpcf7_posted_data_hash\" value=\"\" \/>\n<\/fieldset>\n<h2 class=\"short\"><strong>Fiyat Teklif<\/strong> Formu\n<\/h2>\n<div class=\"row-contact\" class=\"row\" style=\"\n    margin-right: -15px;\n    padding-left: 0;\n    padding-right: 0;\n    width: auto;\n\">\n\t<div class=\"col-lg-6\">\n\t\t<div class=\"form-group\">\n\t\t\t<p><label for=\"contact-name\" style=\" display: none;\"><\/label><br \/>\n<span class=\"wpcf7-form-control-wrap\" data-name=\"your-name\"><input size=\"40\" maxlength=\"400\" class=\"wpcf7-form-control wpcf7-text wpcf7-validates-as-required form-control\" id=\"contact-name\" aria-required=\"true\" aria-invalid=\"false\" placeholder=\"Ad soyad *\" value=\"\" type=\"text\" name=\"your-name\" \/><\/span>\n\t\t\t<\/p>\n\t\t<\/div>\n\t<\/div>\n\t<div class=\"col-lg-6\">\n\t\t<div class=\"form-group\">\n\t\t\t<p><label for=\"contact-email\" style=\" display: none;\"><\/label><br \/>\n<span class=\"wpcf7-form-control-wrap\" data-name=\"your-email\"><input size=\"40\" maxlength=\"400\" class=\"wpcf7-form-control wpcf7-email wpcf7-validates-as-required wpcf7-text wpcf7-validates-as-email form-control\" id=\"contact-email\" aria-required=\"true\" aria-invalid=\"false\" placeholder=\"E-mail adresiniz *\" value=\"\" type=\"email\" name=\"your-email\" \/><\/span>\n\t\t\t<\/p>\n\t\t<\/div>\n\t<\/div>\n\t<div class=\"col-lg-12\">\n\t\t<div class=\"form-group\">\n\t\t\t<p><label for=\"contact-subject\" style=\" display: none;\"><\/label><br \/>\n<span class=\"wpcf7-form-control-wrap\" data-name=\"tel-234\"><input size=\"40\" maxlength=\"400\" class=\"wpcf7-form-control wpcf7-tel wpcf7-validates-as-required wpcf7-text wpcf7-validates-as-tel form-control\" id=\"contact-subject\" aria-required=\"true\" aria-invalid=\"false\" placeholder=\"Telefon *\" value=\"\" type=\"tel\" name=\"tel-234\" \/><\/span>\n\t\t\t<\/p>\n\t\t<\/div>\n\t\t<div class=\"col-lg-12\">\n\t\t\t<div class=\"form-group\">\n\t\t\t\t<p><label for=\"contact-subject\" style=\" display: none;\"><\/label><br \/>\n<span class=\"wpcf7-form-control-wrap\" data-name=\"your-subject\"><input size=\"40\" maxlength=\"400\" class=\"wpcf7-form-control wpcf7-text form-control\" aria-invalid=\"false\" placeholder=\"Konu *\" value=\"\" type=\"text\" name=\"your-subject\" \/><\/span>\n\t\t\t\t<\/p>\n\t\t\t<\/div>\n\t\t<\/div>\n\t\t<div class=\"col-lg-12\">\n\t\t\t<div class=\"form-group\">\n\t\t\t\t<p><label for=\"contact-message\" style=\" display: none;\"><\/label><br \/>\n<span class=\"wpcf7-form-control-wrap\" data-name=\"your-message\"><textarea cols=\"40\" rows=\"10\" maxlength=\"2000\" class=\"wpcf7-form-control wpcf7-textarea form-control\" id=\"contact-message\" aria-invalid=\"false\" placeholder=\"Mesaj\u0131n\u0131z *\" name=\"your-message\"><\/textarea><\/span>\n\t\t\t\t<\/p>\n\t\t\t<\/div>\n\t\t<\/div>\n\t\t<div class=\"col-lg-12\">\n\t\t\t<div class=\"form-group\">\n\t\t\t\t<p><input class=\"wpcf7-form-control wpcf7-submit has-spinner btn btn-primary btn-lg\" type=\"submit\" value=\"G\u00f6nder\" \/>\n\t\t\t\t<\/p>\n\t\t\t<\/div>\n\t\t<\/div>\n\t<\/div>\n<\/div><div class=\"wpcf7-response-output\" aria-hidden=\"true\"><\/div>\n<\/form>\n<\/div>\n\n\t\t<\/div>\n\t\t\t\t\t<\/div>\n\n\t\n<\/div>\n","protected":false},"excerpt":{"rendered":"","protected":false},"author":1,"featured_media":0,"parent":0,"menu_order":0,"comment_status":"closed","ping_status":"closed","template":"page-blank.php","meta":{"footnotes":""},"class_list":["post-128","page","type-page","status-publish","hentry"],"_links":{"self":[{"href":"https:\/\/garnetkum.com\/en\/wp-json\/wp\/v2\/pages\/128","targetHints":{"allow":["GET"]}}],"collection":[{"href":"https:\/\/garnetkum.com\/en\/wp-json\/wp\/v2\/pages"}],"about":[{"href":"https:\/\/garnetkum.com\/en\/wp-json\/wp\/v2\/types\/page"}],"author":[{"embeddable":true,"href":"https:\/\/garnetkum.com\/en\/wp-json\/wp\/v2\/users\/1"}],"replies":[{"embeddable":true,"href":"https:\/\/garnetkum.com\/en\/wp-json\/wp\/v2\/comments?post=128"}],"version-history":[{"count":1,"href":"https:\/\/garnetkum.com\/en\/wp-json\/wp\/v2\/pages\/128\/revisions"}],"predecessor-version":[{"id":186,"href":"https:\/\/garnetkum.com\/en\/wp-json\/wp\/v2\/pages\/128\/revisions\/186"}],"wp:attachment":[{"href":"https:\/\/garnetkum.com\/en\/wp-json\/wp\/v2\/media?parent=128"}],"curies":[{"name":"wp","href":"https:\/\/api.w.org\/{rel}","templated":true}]}}